{"id":1780,"date":"2025-02-19T18:19:04","date_gmt":"2025-02-19T15:19:04","guid":{"rendered":"https:\/\/etkinosgb.com.tr\/?page_id=1780"},"modified":"2025-02-19T19:23:51","modified_gmt":"2025-02-19T16:23:51","slug":"elementor-1780","status":"publish","type":"page","link":"https:\/\/etkinosgb.com.tr\/?page_id=1780","title":{"rendered":"Belgelerimiz"},"content":{"rendered":"\t\t<div data-elementor-type=\"wp-page\" data-elementor-id=\"1780\" class=\"elementor elementor-1780\">\n\t\t\t\t\t\t<section class=\"elementor-section elementor-top-section elementor-element elementor-element-466c810 elementor-section-full_width elementor-section-height-default elementor-section-height-default\" data-id=\"466c810\" data-element_type=\"section\">\n\t\t\t\t\t\t<div class=\"elementor-container elementor-column-gap-default\">\n\t\t\t\t\t<div class=\"elementor-column elementor-col-100 elementor-top-column elementor-element elementor-element-9b94ab4\" data-id=\"9b94ab4\" data-element_type=\"column\">\n\t\t\t<div class=\"elementor-widget-wrap elementor-element-populated\">\n\t\t\t\t\t\t<div class=\"elementor-element elementor-element-a0d4d31 elementor-widget elementor-widget-image-gallery\" data-id=\"a0d4d31\" data-element_type=\"widget\" data-widget_type=\"image-gallery.default\">\n\t\t\t\t<div class=\"elementor-widget-container\">\n\t\t\t\t\t\t\t<div class=\"elementor-image-gallery\">\n\t\t\t<div id='gallery-1' class='gallery galleryid-1780 gallery-columns-3 gallery-size-medium_large'><figure class='gallery-item'>\n\t\t\t<div class='gallery-icon landscape'>\n\t\t\t\t<a data-elementor-open-lightbox=\"yes\" data-elementor-lightbox-slideshow=\"a0d4d31\" data-elementor-lightbox-title=\"yetki_belgesi_202502111353392079 2\" data-e-action-hash=\"#elementor-action%3Aaction%3Dlightbox%26settings%3DeyJpZCI6MTc4NSwidXJsIjoiaHR0cHM6XC9cL2V0a2lub3NnYi5jb20udHJcL3dwLWNvbnRlbnRcL3VwbG9hZHNcLzIwMjVcLzAyXC95ZXRraV9iZWxnZXNpXzIwMjUwMjExMTM1MzM5MjA3OS0yLnBuZyIsInNsaWRlc2hvdyI6ImEwZDRkMzEifQ%3D%3D\" href='https:\/\/etkinosgb.com.tr\/wp-content\/uploads\/2025\/02\/yetki_belgesi_202502111353392079-2.png'><img fetchpriority=\"high\" decoding=\"async\" width=\"768\" height=\"484\" src=\"https:\/\/etkinosgb.com.tr\/wp-content\/uploads\/2025\/02\/yetki_belgesi_202502111353392079-2-768x484.png\" class=\"attachment-medium_large size-medium_large\" alt=\"\" aria-describedby=\"gallery-1-1785\" srcset=\"https:\/\/etkinosgb.com.tr\/wp-content\/uploads\/2025\/02\/yetki_belgesi_202502111353392079-2-768x484.png 768w, https:\/\/etkinosgb.com.tr\/wp-content\/uploads\/2025\/02\/yetki_belgesi_202502111353392079-2-300x189.png 300w, https:\/\/etkinosgb.com.tr\/wp-content\/uploads\/2025\/02\/yetki_belgesi_202502111353392079-2-1024x645.png 1024w, https:\/\/etkinosgb.com.tr\/wp-content\/uploads\/2025\/02\/yetki_belgesi_202502111353392079-2-1536x967.png 1536w, https:\/\/etkinosgb.com.tr\/wp-content\/uploads\/2025\/02\/yetki_belgesi_202502111353392079-2.png 1720w\" sizes=\"(max-width: 768px) 100vw, 768px\" \/><\/a>\n\t\t\t<\/div>\n\t\t\t\t<figcaption class='wp-caption-text gallery-caption' id='gallery-1-1785'>\n\t\t\t\tETK\u0130N OSGB YETK\u0130 BELGES\u0130\n\t\t\t\t<\/figcaption><\/figure><figure class='gallery-item'>\n\t\t\t<div class='gallery-icon portrait'>\n\t\t\t\t<a data-elementor-open-lightbox=\"yes\" data-elementor-lightbox-slideshow=\"a0d4d31\" data-elementor-lightbox-title=\"Etkin Osgb Sabit T\u0131bbi Tetkin Mekan\u0131 \u0130zin Belgesi 2\" data-e-action-hash=\"#elementor-action%3Aaction%3Dlightbox%26settings%3DeyJpZCI6MTc4NiwidXJsIjoiaHR0cHM6XC9cL2V0a2lub3NnYi5jb20udHJcL3dwLWNvbnRlbnRcL3VwbG9hZHNcLzIwMjVcLzAyXC9FdGtpbi1Pc2diLVNhYml0LVRpYmJpLVRldGtpbi1NZWthbmktSXppbi1CZWxnZXNpLTIucG5nIiwic2xpZGVzaG93IjoiYTBkNGQzMSJ9\" href='https:\/\/etkinosgb.com.tr\/wp-content\/uploads\/2025\/02\/Etkin-Osgb-Sabit-Tibbi-Tetkin-Mekani-Izin-Belgesi-2.png'><img decoding=\"async\" width=\"768\" height=\"1111\" src=\"https:\/\/etkinosgb.com.tr\/wp-content\/uploads\/2025\/02\/Etkin-Osgb-Sabit-Tibbi-Tetkin-Mekani-Izin-Belgesi-2-768x1111.png\" class=\"attachment-medium_large size-medium_large\" alt=\"\" aria-describedby=\"gallery-1-1786\" srcset=\"https:\/\/etkinosgb.com.tr\/wp-content\/uploads\/2025\/02\/Etkin-Osgb-Sabit-Tibbi-Tetkin-Mekani-Izin-Belgesi-2-768x1111.png 768w, https:\/\/etkinosgb.com.tr\/wp-content\/uploads\/2025\/02\/Etkin-Osgb-Sabit-Tibbi-Tetkin-Mekani-Izin-Belgesi-2-207x300.png 207w, https:\/\/etkinosgb.com.tr\/wp-content\/uploads\/2025\/02\/Etkin-Osgb-Sabit-Tibbi-Tetkin-Mekani-Izin-Belgesi-2-708x1024.png 708w, https:\/\/etkinosgb.com.tr\/wp-content\/uploads\/2025\/02\/Etkin-Osgb-Sabit-Tibbi-Tetkin-Mekani-Izin-Belgesi-2-1061x1536.png 1061w, https:\/\/etkinosgb.com.tr\/wp-content\/uploads\/2025\/02\/Etkin-Osgb-Sabit-Tibbi-Tetkin-Mekani-Izin-Belgesi-2-1415x2048.png 1415w, https:\/\/etkinosgb.com.tr\/wp-content\/uploads\/2025\/02\/Etkin-Osgb-Sabit-Tibbi-Tetkin-Mekani-Izin-Belgesi-2.png 1827w\" sizes=\"(max-width: 768px) 100vw, 768px\" \/><\/a>\n\t\t\t<\/div>\n\t\t\t\t<figcaption class='wp-caption-text gallery-caption' id='gallery-1-1786'>\n\t\t\t\tETK\u0130N OSGB SAB\u0130T TIBB\u0130 TETK\u0130K MEKANI \u0130Z\u0130N BELGES\u0130\n\t\t\t\t<\/figcaption><\/figure><figure class='gallery-item'>\n\t\t\t<div class='gallery-icon portrait'>\n\t\t\t\t<a data-elementor-open-lightbox=\"yes\" data-elementor-lightbox-slideshow=\"a0d4d31\" data-elementor-lightbox-title=\"Etkin Osgb NDK Lisans \u0130lk Sayfa 2\" data-e-action-hash=\"#elementor-action%3Aaction%3Dlightbox%26settings%3DeyJpZCI6MTc4NywidXJsIjoiaHR0cHM6XC9cL2V0a2lub3NnYi5jb20udHJcL3dwLWNvbnRlbnRcL3VwbG9hZHNcLzIwMjVcLzAyXC9FdGtpbi1Pc2diLU5ESy1MaXNhbnMtSWxrLVNheWZhLTIucG5nIiwic2xpZGVzaG93IjoiYTBkNGQzMSJ9\" href='https:\/\/etkinosgb.com.tr\/wp-content\/uploads\/2025\/02\/Etkin-Osgb-NDK-Lisans-Ilk-Sayfa-2.png'><img decoding=\"async\" width=\"768\" height=\"1104\" src=\"https:\/\/etkinosgb.com.tr\/wp-content\/uploads\/2025\/02\/Etkin-Osgb-NDK-Lisans-Ilk-Sayfa-2-768x1104.png\" class=\"attachment-medium_large size-medium_large\" alt=\"\" aria-describedby=\"gallery-1-1787\" srcset=\"https:\/\/etkinosgb.com.tr\/wp-content\/uploads\/2025\/02\/Etkin-Osgb-NDK-Lisans-Ilk-Sayfa-2-768x1104.png 768w, https:\/\/etkinosgb.com.tr\/wp-content\/uploads\/2025\/02\/Etkin-Osgb-NDK-Lisans-Ilk-Sayfa-2-209x300.png 209w, https:\/\/etkinosgb.com.tr\/wp-content\/uploads\/2025\/02\/Etkin-Osgb-NDK-Lisans-Ilk-Sayfa-2-712x1024.png 712w, https:\/\/etkinosgb.com.tr\/wp-content\/uploads\/2025\/02\/Etkin-Osgb-NDK-Lisans-Ilk-Sayfa-2-1068x1536.png 1068w, https:\/\/etkinosgb.com.tr\/wp-content\/uploads\/2025\/02\/Etkin-Osgb-NDK-Lisans-Ilk-Sayfa-2-1424x2048.png 1424w, https:\/\/etkinosgb.com.tr\/wp-content\/uploads\/2025\/02\/Etkin-Osgb-NDK-Lisans-Ilk-Sayfa-2.png 1464w\" sizes=\"(max-width: 768px) 100vw, 768px\" \/><\/a>\n\t\t\t<\/div>\n\t\t\t\t<figcaption class='wp-caption-text gallery-caption' id='gallery-1-1787'>\n\t\t\t\tETK\u0130N OSGB NDK L\u0130SANS BELGES\u0130\n\t\t\t\t<\/figcaption><\/figure>\n\t\t<\/div>\n\t\t<\/div>\n\t\t\t\t\t\t<\/div>\n\t\t\t\t<\/div>\n\t\t\t\t\t<\/div>\n\t\t<\/div>\n\t\t\t\t\t<\/div>\n\t\t<\/section>\n\t\t\t\t<\/div>\n\t\t","protected":false},"excerpt":{"rendered":"<p>ETK\u0130N OSGB YETK\u0130 BELGES\u0130 ETK\u0130N OSGB SAB\u0130T TIBB\u0130 TETK\u0130K MEKANI \u0130Z\u0130N BELGES\u0130 ETK\u0130N OSGB NDK L\u0130SANS BELGES\u0130<\/p>\n","protected":false},"author":1,"featured_media":0,"parent":0,"menu_order":0,"comment_status":"closed","ping_status":"closed","template":"","meta":{"inline_featured_image":false,"footnotes":""},"class_list":["post-1780","page","type-page","status-publish","hentry"],"_links":{"self":[{"href":"https:\/\/etkinosgb.com.tr\/index.php?rest_route=\/wp\/v2\/pages\/1780","targetHints":{"allow":["GET"]}}],"collection":[{"href":"https:\/\/etkinosgb.com.tr\/index.php?rest_route=\/wp\/v2\/pages"}],"about":[{"href":"https:\/\/etkinosgb.com.tr\/index.php?rest_route=\/wp\/v2\/types\/page"}],"author":[{"embeddable":true,"href":"https:\/\/etkinosgb.com.tr\/index.php?rest_route=\/wp\/v2\/users\/1"}],"replies":[{"embeddable":true,"href":"https:\/\/etkinosgb.com.tr\/index.php?rest_route=%2Fwp%2Fv2%2Fcomments&post=1780"}],"version-history":[{"count":13,"href":"https:\/\/etkinosgb.com.tr\/index.php?rest_route=\/wp\/v2\/pages\/1780\/revisions"}],"predecessor-version":[{"id":1800,"href":"https:\/\/etkinosgb.com.tr\/index.php?rest_route=\/wp\/v2\/pages\/1780\/revisions\/1800"}],"wp:attachment":[{"href":"https:\/\/etkinosgb.com.tr\/index.php?rest_route=%2Fwp%2Fv2%2Fmedia&parent=1780"}],"curies":[{"name":"wp","href":"https:\/\/api.w.org\/{rel}","templated":true}]}}